{"id":17066,"date":"2023-06-01T14:46:28","date_gmt":"2023-06-01T18:46:28","guid":{"rendered":"https:\/\/v2.huellandina.com\/zahlungsmoeglichkeiten\/"},"modified":"2025-04-26T03:44:57","modified_gmt":"2025-04-26T07:44:57","slug":"zahlungsmoeglichkeiten","status":"publish","type":"page","link":"https:\/\/huellandina.com\/de\/zahlungsmoeglichkeiten\/","title":{"rendered":"Zahlungsm\u00f6glichkeiten"},"content":{"rendered":"\n<h2 class=\"wp-block-heading has-text-align-center\" id=\"h-payment-methods-for-adventure-programs\">\u201cPayment methods for adventure programs\u201d<\/h2>\n\n\n\n<h3 class=\"wp-block-heading has-text-align-center\" id=\"h-sociedad-turismo-hae-limitada\">Sociedad Turismo HAE Limitada<\/h3>\n\n\n\n<p><strong>Standardm\u00e4\u00dfig werden alle Zahlungen von \u201eBuchungsgeb\u00fchren\u201c - und alle \u201ezus\u00e4tzlichen Services\u201c - bei einer Buchung \u00fcber unsere Website \u00fcber die wetravel.com-Plattform vorgenommen<\/strong>. Diese Plattform erm\u00f6glicht es uns, Vorauszahlungen f\u00fcr Programme per Kreditkarte einfach und sicher abzuwickeln und insbesondere R\u00fcckerstattungen und \u00c4nderungen von Reservierungen und deren Preisen zu erleichtern, so dass wir im Falle eines Ereignisses schnell und effizient den gesamten gezahlten Betrag zur\u00fcckerstatten k\u00f6nnen. <strong>Allerdings gibt es eine Servicegeb\u00fchr, die je nach Zahlungsmittel und W\u00e4hrung variiert, und wird zum Zeitpunkt der Zahlung informiert werden<\/strong>.<\/p>\n\n\n\n<p><strong>Die Zahlung des Restbetrages kann automatisch per Kreditkarte \u00fcber wetravel.com erfolgen, wir akzeptieren jedoch auch Barzahlungen (CLP, USD, EUR), Online-\u00dcberweisungen in chilenischen Pesos, Euro oder US-Dollar (\u00dcberweisungsdetails per E-Mail anfordern) und Zahlungslinks mit Kartenanbietern f\u00fcr Einwohner in Chile (webpay.cl; klap.cl), teilen Sie uns dies einfach per E-Mail mit, sobald die Reservierung best\u00e4tigt ist, und wir senden Ihnen die Details!<\/strong><\/p>\n\n\n\n<blockquote class=\"wp-block-quote is-layout-flow wp-block-quote-is-layout-flow\">\n<p><strong>Wichtig: Die Gesamtkosten des Programms m\u00fcssen vor dem Starttermin vollst\u00e4ndig bezahlt werden!<\/strong><\/p>\n<\/blockquote>\n\n\n\n<ul class=\"wp-block-list\">\n<li>Wechselkurs: Bei Zahlung mit Karte muss der zu zahlende Betrag in chilenischen Pesos angegeben werden, und das zu verwendende Wechselgeld wird von den Anbietern dieser Karten festgelegt. Bei Barzahlungen und\/oder Online-\u00dcberweisungen werden die Preise der Programme in EUR oder USD auf der Grundlage des zum Zeitpunkt der Zahlung beobachteten Wechselkurses abz\u00fcglich 25 chilenischer Pesos berechnet. Ein Beispiel: Wenn der beobachtete Wechselkurs 1 USD - 800 CLP betr\u00e4gt, wird der zu verwendende Wechselkurs 1 USD -&gt;&gt; 775 CLP sein.<\/li>\n<\/ul>\n\n\n\n<p><strong>Der zu verwendende Wechselkurs kann unter den folgenden Links eingesehen werden:<\/strong><\/p>\n\n\n\n<ul class=\"wp-block-list\">\n<li><a href=\"https:\/\/www.google.com\/search?q=usd+to+clp\" target=\"_blank\" rel=\"noreferrer noopener\"><a href=\"https:\/\/www.google.com\/search?q=usd+to+clp\" target=\"_blank\" rel=\"noreferrer noopener\">Umrechnungskurs CLP\/USD<\/a><\/a><\/li>\n\n\n\n<li><a href=\"https:\/\/www.google.com\/search?q=eur+to+clp\" target=\"_blank\" rel=\"noreferrer noopener\"><a href=\"https:\/\/www.google.com\/search?q=eur+to+clp\">Umrechnungskurs CLP\/EUR<\/a><\/a><\/li>\n<\/ul>\n\n\n\n<p><\/p>\n\n\n\n<ul class=\"wp-block-list\">\n<li><strong>Barzahlungen k\u00f6nnen bis zum Tag des Programmbeginns direkt bei den Reiseleitern in CLP, USD und\/oder EUR get\u00e4tigt werden<\/strong>.<\/li>\n<\/ul>\n\n\n\n<ul class=\"wp-block-list\">\n<li><strong>Zahlungen per elektronischer \u00dcberweisung m\u00fcssen vor Beginn des Programms get\u00e4tigt werden<\/strong>. Wenn Sie diese Option bei der Reservierung auf der Website ausw\u00e4hlen, werden die Bankdaten zusammen mit der Reservierungs-E-Mail gesendet. Der Wechselkurs muss zum Zeitpunkt der Zahlung berechnet werden, wie im Abschnitt \u201eWechselkurs\u201c in diesem Dokument angegeben.<\/li>\n<\/ul>\n\n\n\n<ul class=\"wp-block-list\">\n<li><strong>Wenn auf unserer Website andere Zahlungswege f\u00fcr Bankkarten aktiviert sind, werden diese auf der Seite der jeweiligen Dienstleistung angegeben<\/strong>. F\u00fcr Zahlungen mit Kredit- oder Debitkarten von in Chile ans\u00e4ssigen Personen ist es au\u00dferdem m\u00f6glich, die Option \u201eWebpay\u201c oder \u201eKlap\u201c anzufordern; dies muss vor Beginn des Programms und ausschlie\u00dflich aus der Ferne auf unserer Website erfolgen.<\/li>\n<\/ul>\n\n\n\n<blockquote class=\"wp-block-quote is-layout-flow wp-block-quote-is-layout-flow\">\n<p><strong>Wichtig<\/strong>: Bei allen oben genannten Optionen muss die Zahlung NUR in chilenischen Pesos (CLP) ohne Punkte oder Ziffern erfolgen, z.B.: f\u00fcr die Zahlung von $220.000 CLP m\u00fcssen Sie 220000 eingeben!<\/p>\n<\/blockquote>\n\n\n\n<p class=\"has-text-align-center\">F\u00fcr weitere Informationen, Fragen oder Kommentare kontaktieren Sie uns bitte!<\/p>\n","protected":false},"excerpt":{"rendered":"<p>\u201cPayment methods for adventure programs\u201d Sociedad Turismo HAE Limitada Standardm\u00e4\u00dfig werden alle Zahlungen von \u201eBuchungsgeb\u00fchren\u201c - und alle \u201ezus\u00e4tzlichen Services\u201c - bei einer Buchung \u00fcber unsere Website \u00fcber die wetravel.com-Plattform vorgenommen. Diese Plattform erm\u00f6glicht es uns, Vorauszahlungen f\u00fcr Programme per Kreditkarte einfach und sicher abzuwickeln und insbesondere R\u00fcckerstattungen und \u00c4nderungen von Reservierungen und deren Preisen [&hellip;]<\/p>\n","protected":false},"author":2,"featured_media":0,"parent":0,"menu_order":6,"comment_status":"closed","ping_status":"closed","template":"","meta":{"_acf_changed":false,"footnotes":""},"class_list":["post-17066","page","type-page","status-publish","hentry"],"acf":[],"_links":{"self":[{"href":"https:\/\/huellandina.com\/de\/wp-json\/wp\/v2\/pages\/17066","targetHints":{"allow":["GET"]}}],"collection":[{"href":"https:\/\/huellandina.com\/de\/wp-json\/wp\/v2\/pages"}],"about":[{"href":"https:\/\/huellandina.com\/de\/wp-json\/wp\/v2\/types\/page"}],"author":[{"embeddable":true,"href":"https:\/\/huellandina.com\/de\/wp-json\/wp\/v2\/users\/2"}],"replies":[{"embeddable":true,"href":"https:\/\/huellandina.com\/de\/wp-json\/wp\/v2\/comments?post=17066"}],"version-history":[{"count":0,"href":"https:\/\/huellandina.com\/de\/wp-json\/wp\/v2\/pages\/17066\/revisions"}],"wp:attachment":[{"href":"https:\/\/huellandina.com\/de\/wp-json\/wp\/v2\/media?parent=17066"}],"curies":[{"name":"wp","href":"https:\/\/api.w.org\/{rel}","templated":true}]}}