{"id":17955,"date":"2023-07-16T07:20:33","date_gmt":"2023-07-16T11:20:33","guid":{"rendered":"https:\/\/v2.huellandina.com\/servicios\/unkategorisiert\/trekking-in-cochamo-der-gipfel-von-des-cerro-arcoiris-und-die-lagune-trinidad\/"},"modified":"2024-10-14T09:33:54","modified_gmt":"2024-10-14T12:33:54","slug":"cochamo-cerro-arcoiris-lagune-trinidad","status":"publish","type":"product","link":"https:\/\/huellandina.com\/de\/touren\/trekking-und-exkursionen\/cochamo-cerro-arcoiris-lagune-trinidad\/","title":{"rendered":"Trekking in Cocham\u00f3, der Gipfel von des Cerro Arcoiris und die Lagune Trinidad"},"content":{"rendered":"<h3><b>Cocham\u00f3 ist einer dieser Orte, der das Beste des S\u00fcdens Chiles vereinen kann: das einfache Leben seiner Bewohner, eingebettet in endlose M\u00f6glichkeiten f\u00fcr ein Lebenserlebnis im Freien.<\/b><\/h3>\n<p> Das Tal entspringt entlang des Flusses Cocham\u00f3, endet am Reloncav\u00ed-Fjord und verbindet Chile mit Argentinien \u00fcber den \"Paso El Le\u00f3n\". Die steilen Granitw\u00e4nde, die eine H\u00f6he von 1.000 Metern erreichen, sind von alten L\u00e4rchen und immergr\u00fcnen W\u00e4ldern umgeben, die reich an Wildtieren sind und \u00fcber unendliche B\u00e4che und Wasserf\u00e4lle verf\u00fcgen, die nur zu Fu\u00df oder zu Pferd besucht werden k\u00f6nnen. Das Leben im Tal erm\u00f6glicht es uns, uns wieder mit gr\u00fcner Energie zu verbinden und uns darauf zu konzentrieren, uns selbst und den Ort, an dem wir eintauchen, mit Respekt zu erkunden. Auf dieser viert\u00e4gigen Wanderung werden wir die klassischen Orte im Tal besuchen. An unserem ersten Tag fahren wir die Zufahrtsstra\u00dfe zum Sektor \"La Junta\" hinauf. Nach einer Wanderung entlang der von den Pferden gezogenen Furche, durch Schlamm und W\u00e4lder, erreichen wir den Campingplatz am Ufer des Cocham\u00f3-Flusses. Der Ort, der in den letzten zwei Jahrzehnten ein Basislager f\u00fcr viele Abenteurer war und von dem aus wir unseren zweiten Tag beginnen k\u00f6nnen. Der Aufstieg zum Cerro Arcoiris ist technisch nicht schwierig. Aber es ist eine Reise, die durch W\u00e4lder und steile Anstiege f\u00fchrt, mit dem Ziel, die Aussicht von den H\u00f6hen zu bewundern und zu versuchen, ein Gef\u00fchl f\u00fcr die Gr\u00f6\u00dfe des Tals und seiner Granitw\u00e4nde zu bekommen. An unserem dritten Tag n\u00e4hern wir uns einer der klassischen W\u00e4nde des Tals im Trinidad-Tal. We will try to reach a small lagoon bordered by the hills \"Gorila\" and \"Trinidad\". Eine Reise durch Schlamm und Gr\u00fcn, um die Geheimnisse dieser W\u00e4lder zu entdecken! Das Programm beinhaltet den Transport ab Puerto Varas, die Mahlzeiten (D1, Abendessen; D2, Fr\u00fchst\u00fcck und Abendessen; D3, Fr\u00fchst\u00fcck und Abendessen; D, Fr\u00fchst\u00fcck) und das Zelten in La Junta (Preis pro Person, Zelte und Kochausr\u00fcstung). Die Pilchero-Pferde werden auch f\u00fcr die gemeinsame Ladung (Mahlzeiten, Zelte usw.) mitgenommen; wenn m\u00f6glich, k\u00f6nnen auch einige pers\u00f6nliche Ausr\u00fcstungsgegenst\u00e4nde (wie Schlafs\u00e4cke und Matten) mitgenommen werden, so dass wir nur das N\u00f6tigste f\u00fcr den Tag mitnehmen. <em><b>Bitte beachten Sie<\/b>: Die wesentliche Zutat, die Cochamo so besonders macht, ist Wasser in all seinen verschiedenen Formen, einschlie\u00dflich Regen. Diejenige, die die Wege schlammig machen kann, aber aufgrund des rutschigen Felsens auch den Aufstieg zum Cerro Arcoiris beeintr\u00e4chtigen kann, aber wir haben viele M\u00f6glichkeiten, einen ausgezeichneten Plan B zu erstellen. Auch das Wasser ist schuld an den \"Rutschen\", einer nat\u00fcrlichen Rutsche im Fluss (nur 15\" vom Campingplatz entfernt). Im Januar und Februar besuchen die meisten Menschen das Tal, manchmal sogar zu viele. Die beste Zeit ist im Fr\u00fchling und Herbst auf der S\u00fcdhalbkugel.<\/em><\/p>\n<p><b>Sie k\u00f6nnen der Reiseroute 1 weiteren Tag hinzuf\u00fcgen, entweder als Reservierungstag oder um das Trekking zum \"Anfiteatro\" (~ 6 Stunden \/ 14 km), einer der emblematischen Mauern von Cocham\u00f3, zu unternehmen. Sag uns Bescheid, wenn du das m\u00f6chtest! (+$120.000CLP bei 1 Person; +$90.000CLP pro Person bei 2 oder mehr).<\/b><\/p>\n","protected":false},"excerpt":{"rendered":"<p>Einer der wenigen Orte, die noch ein Gleichgewicht zwischen Fortschritt und Leben in Kontakt mit der Natur bewahren oder zu bewahren versuchen. Ein isolierter Ort.<br \/>\nEin Ort, der nicht \u00fcber Stra\u00dfen erreichbar ist, an dem es keinen Strom oder kein Telefonsignal gibt.  Ein Ort, der mit seinen \u00fcber tausend Meter hohen Granitw\u00e4nden die W\u00e4lder und Fl\u00fcsse sch\u00fctzt, die seine Bewohner genie\u00dfen konnten und die sie seit zwei Jahrzehnten mit denen teilen, die es wagen, dieses Tal zu entdecken. Ein Paradies zum Klettern und Trekking, mit endlosen M\u00f6glichkeiten, die unber\u00fchrte Natur zu erkunden und zu entdecken.<\/p>\n","protected":false},"featured_media":17716,"template":"","meta":{"_acf_changed":false},"actividad":[125],"zonas_de_chile":[131,130],"temporada":[129],"locacion":[126,128,127],"product_brand":[],"product_cat":[76],"product_tag":[],"class_list":{"0":"post-17955","1":"product","2":"type-product","3":"status-publish","4":"has-post-thumbnail","6":"zonas_de_chile-region-los-lagos","7":"zonas_de_chile-suden","8":"temporada-november-bis-april","9":"locacion-cochamo-de","10":"locacion-la-junta-de","11":"locacion-region-de-los-lagos-de","12":"product_cat-trekking-und-exkursionen","14":"first","15":"instock","16":"shipping-taxable","17":"purchasable","18":"product-type-simple"},"acf":[],"_links":{"self":[{"href":"https:\/\/huellandina.com\/de\/wp-json\/wp\/v2\/product\/17955","targetHints":{"allow":["GET"]}}],"collection":[{"href":"https:\/\/huellandina.com\/de\/wp-json\/wp\/v2\/product"}],"about":[{"href":"https:\/\/huellandina.com\/de\/wp-json\/wp\/v2\/types\/product"}],"wp:featuredmedia":[{"embeddable":true,"href":"https:\/\/huellandina.com\/de\/wp-json\/wp\/v2\/media\/17716"}],"wp:attachment":[{"href":"https:\/\/huellandina.com\/de\/wp-json\/wp\/v2\/media?parent=17955"}],"wp:term":[{"taxonomy":"actividad","embeddable":true,"href":"https:\/\/huellandina.com\/de\/wp-json\/wp\/v2\/actividad?post=17955"},{"taxonomy":"zonas_de_chile","embeddable":true,"href":"https:\/\/huellandina.com\/de\/wp-json\/wp\/v2\/zonas_de_chile?post=17955"},{"taxonomy":"temporada","embeddable":true,"href":"https:\/\/huellandina.com\/de\/wp-json\/wp\/v2\/temporada?post=17955"},{"taxonomy":"locacion","embeddable":true,"href":"https:\/\/huellandina.com\/de\/wp-json\/wp\/v2\/locacion?post=17955"},{"taxonomy":"product_brand","embeddable":true,"href":"https:\/\/huellandina.com\/de\/wp-json\/wp\/v2\/product_brand?post=17955"},{"taxonomy":"product_cat","embeddable":true,"href":"https:\/\/huellandina.com\/de\/wp-json\/wp\/v2\/product_cat?post=17955"},{"taxonomy":"product_tag","embeddable":true,"href":"https:\/\/huellandina.com\/de\/wp-json\/wp\/v2\/product_tag?post=17955"}],"curies":[{"name":"wp","href":"https:\/\/api.w.org\/{rel}","templated":true}]}}