{"id":17956,"date":"2023-07-12T10:00:21","date_gmt":"2023-07-12T14:00:21","guid":{"rendered":"https:\/\/v2.huellandina.com\/servicios\/unkategorisiert\/multilargo-klettern-in-cochamo\/"},"modified":"2025-07-02T03:49:01","modified_gmt":"2025-07-02T07:49:01","slug":"mehrseillaengenklettern-im-cochamo","status":"publish","type":"product","link":"https:\/\/huellandina.com\/de\/touren\/esqui-y-escalada\/mehrseillaengenklettern-im-cochamo\/","title":{"rendered":"Mehrseill\u00e4ngenklettern in Cocham\u00f3"},"content":{"rendered":"<p><b>In 10 L\u00e4ngen mit einer H\u00f6chstnote von 5,10+ legt die \"Shark Fin\" 525 Meter zur\u00fcck. Es handelt sich um eine der sch\u00f6nsten klassischen Linien von mittlerem Schwierigkeitsgrad in Cocham\u00f3. Mit einem kantigen Anstieg, der uns auf dem Gipfel des franz\u00f6sischen Tals und nat\u00fcrlich zu hervorragenden Ausblicken auf zuk\u00fcnftige Projekte willkommen hei\u00dfen wird.<\/b><\/p>\n<p>Das Tal ist nur eine kurze Fahrt s\u00fcdlich von Pto. Varas. Cocham\u00f3 ist unser Mekka f\u00fcr das Klettern und die Big Wall. Erst seit dem Jahr 2000 hat sich das Gebiet als Klettergebiet weiterentwickelt und die M\u00f6glichkeiten f\u00fcr verschiedene Schwierigkeitsgrade und Arten des Kletterns erweitert. Die meisten Bigwall-Routen sind zwischen 8 und 20+ lang, aber es gibt auch kurze sportliche, traditionelle oder gemischte Routen, die das Klettern auch bei Regen erm\u00f6glichen!<\/p>\n<p>Die Route erfordert Vorkenntnisse im Felsklettern: Sicherungs- und Abseiltechnik, erfordert aber kein hohes Ma\u00df an Klettern, daher ist sie eine ausgezeichnete Option, um mit dem mehrlangen und traditionellen Klettern zu beginnen oder einfach eine einzigartige Lebenserfahrung in Cocham\u00f3 zu machen.<\/p>\n<p>Es ist wichtig zu bedenken, dass wir einen Tagesausflug von Puerto Varas aus ben\u00f6tigen, um den Sektor La Junta zu erreichen, der unser Basislager sein wird. Zuerst mit dem Auto und dann zu Fu\u00df. Wir m\u00fcssen also mit Ja oder Ja zwei Tage rechnen, um das Tal zu betreten und zu verlassen, so dass wir noch zwei Tage f\u00fcr den Aufstieg \u00fcbrig haben! Nat\u00fcrlich ist es m\u00f6glich, die Route zu verl\u00e4ngern, um entweder eine oder mehrere Routen zu erklimmen, sich auszuruhen oder einen der Wanderwege im Tal zu erkunden.<\/p>\n","protected":false},"excerpt":{"rendered":"<p>Cocham\u00f3 ist ein Ziel zum Klettern: seine bis zu 1.000 m langen Granitw\u00e4nde und die unendlichen M\u00f6glichkeiten f\u00fcr die Entwicklung der Bigwall inmitten einer Umgebung, die versucht, den Fortschritt des modernen Lebens mit dem Schutz eines einzigartigen \u00d6kosystems in Einklang zu bringen.<\/p>\n<p>Obwohl es Sportklettersektoren gibt, zeichnet es sich durch seine mehrlangen Routen, klassischen Routen und W\u00e4nde f\u00fcr Projekte aus. Auf dieser Reise konzentrieren wir uns auf einen dieser Klassiker: Die Haifischflosse!<\/p>\n","protected":false},"featured_media":17568,"template":"","meta":{"_acf_changed":false},"actividad":[133,132],"zonas_de_chile":[131,130],"temporada":[129],"locacion":[126,128,127],"product_brand":[],"product_cat":[20,72],"product_tag":[],"class_list":{"0":"post-17956","1":"product","2":"type-product","3":"status-publish","4":"has-post-thumbnail","6":"zonas_de_chile-region-los-lagos","7":"zonas_de_chile-suden","8":"temporada-november-bis-april","9":"locacion-cochamo-de","10":"locacion-la-junta-de","11":"locacion-region-de-los-lagos-de","12":"product_cat-esqui-y-escalada","13":"product_cat-skitouren-und-klettern","15":"first","16":"instock","17":"shipping-taxable","18":"purchasable","19":"product-type-simple"},"acf":[],"_links":{"self":[{"href":"https:\/\/huellandina.com\/de\/wp-json\/wp\/v2\/product\/17956","targetHints":{"allow":["GET"]}}],"collection":[{"href":"https:\/\/huellandina.com\/de\/wp-json\/wp\/v2\/product"}],"about":[{"href":"https:\/\/huellandina.com\/de\/wp-json\/wp\/v2\/types\/product"}],"wp:featuredmedia":[{"embeddable":true,"href":"https:\/\/huellandina.com\/de\/wp-json\/wp\/v2\/media\/17568"}],"wp:attachment":[{"href":"https:\/\/huellandina.com\/de\/wp-json\/wp\/v2\/media?parent=17956"}],"wp:term":[{"taxonomy":"actividad","embeddable":true,"href":"https:\/\/huellandina.com\/de\/wp-json\/wp\/v2\/actividad?post=17956"},{"taxonomy":"zonas_de_chile","embeddable":true,"href":"https:\/\/huellandina.com\/de\/wp-json\/wp\/v2\/zonas_de_chile?post=17956"},{"taxonomy":"temporada","embeddable":true,"href":"https:\/\/huellandina.com\/de\/wp-json\/wp\/v2\/temporada?post=17956"},{"taxonomy":"locacion","embeddable":true,"href":"https:\/\/huellandina.com\/de\/wp-json\/wp\/v2\/locacion?post=17956"},{"taxonomy":"product_brand","embeddable":true,"href":"https:\/\/huellandina.com\/de\/wp-json\/wp\/v2\/product_brand?post=17956"},{"taxonomy":"product_cat","embeddable":true,"href":"https:\/\/huellandina.com\/de\/wp-json\/wp\/v2\/product_cat?post=17956"},{"taxonomy":"product_tag","embeddable":true,"href":"https:\/\/huellandina.com\/de\/wp-json\/wp\/v2\/product_tag?post=17956"}],"curies":[{"name":"wp","href":"https:\/\/api.w.org\/{rel}","templated":true}]}}