{"id":17957,"date":"2023-07-12T09:27:52","date_gmt":"2023-07-12T13:27:52","guid":{"rendered":"https:\/\/v2.huellandina.com\/servicios\/unkategorisiert\/besteigung-des-vulkans-casa-blanca\/"},"modified":"2025-07-02T03:46:36","modified_gmt":"2025-07-02T07:46:36","slug":"vulkan-casa-blanca","status":"publish","type":"product","link":"https:\/\/huellandina.com\/de\/touren\/montanas-y-volcanes\/vulkan-casa-blanca\/","title":{"rendered":"Besteigung des Vulkans Casa Blanca"},"content":{"rendered":"<p><b>Auch bekannt als <\/b><b><i>Antillanca<\/i><\/b><b>in Mapudungun \"<\/b><b><i>das Juwel der Sonne<\/i><\/b><b>\"Dieser Vulkan erm\u00f6glicht es uns, die Welt des Bergsteigens zu entdecken und auf dem Weg zu seinem Gipfel unglaubliche Ausblicke auf die Region Los Lagos zu genie\u00dfen.<\/b><\/p>\n<p>Casa Blanca ist ein ruhender, kegelf\u00f6rmiger Vulkan, der sich an der Stra\u00dfe zwischen Osorno und Bariloche erhebt und die Seen Puyehue und Rupanco trennt. Aufgrund seiner H\u00f6he von nur 1.990 Metern und der geringen Vergletscherung ist sein Aufstieg technisch unproblematisch und eine hervorragende Alternative, um einen der dominierenden Gipfel im S\u00fcden Chiles zu erreichen und ein perfekter Aussichtspunkt f\u00fcr zuk\u00fcnftige Herausforderungen.<\/p>\n<p>Der Aufstieg \u00fcber die Nordwestwand beginnt am Skizentrum Antillanca. Je nach Jahreszeit ist es m\u00f6glich, den Raihuen-Krater mit dem Fahrzeug zu erreichen (oder du musst etwa 3 km und 240 m bergauf laufen). Von hier aus f\u00fchrt der Aufstieg im Sommer \u00fcber vulkanische Pfade und im Winter und Fr\u00fchling entlang der verschneiten H\u00e4nge. Je h\u00f6her du kommst, desto beeindruckender wird die Aussicht auf die Vulkane Puntiagudo und Osorno sowie den Rupanco-See.<\/p>\n<p>Auf dem R\u00fcckweg und je nach Reiseplan ist es m\u00f6glich, ein Thermalbad in \"Aguas Calientes\" zu nehmen.<\/p>\n","protected":false},"excerpt":{"rendered":"<p>Ein idealer Vulkan f\u00fcr eine Familienbesteigung oder einen anspruchslosen Aufstieg, mit sch\u00f6nen Aussichten und einem unkomplizierten Terrain. Im Winter ist es der ideale Ort f\u00fcr Winterbergsteigen, Schneeschuhwandern oder Skitouren. Eingebettet in den Puyehue-Nationalpark ist es auch ein gro\u00dfartiger Aussichtspunkt auf die Vulkane und Seen der Region, ein privilegierter Ort, um die Silhouetten von Puntiagudo, Osorno, Puyehue, Sarnoso und Tronador zu genie\u00dfen!<\/p>\n","protected":false},"featured_media":16826,"template":"","meta":{"_acf_changed":false},"actividad":[134,136,135,125],"zonas_de_chile":[131,130],"temporada":[139],"locacion":[137,138,127],"product_brand":[],"product_cat":[19,70],"product_tag":[],"class_list":{"0":"post-17957","1":"product","2":"type-product","3":"status-publish","4":"has-post-thumbnail","6":"zonas_de_chile-region-los-lagos","7":"zonas_de_chile-suden","8":"temporada-ganzjahrig","9":"locacion-antillanca-de","10":"locacion-puyehue-nationalpark","11":"locacion-region-de-los-lagos-de","12":"product_cat-montanas-y-volcanes","13":"product_cat-vulkan-und-bergbesteigungen","15":"first","16":"instock","17":"shipping-taxable","18":"purchasable","19":"product-type-simple"},"acf":[],"_links":{"self":[{"href":"https:\/\/huellandina.com\/de\/wp-json\/wp\/v2\/product\/17957","targetHints":{"allow":["GET"]}}],"collection":[{"href":"https:\/\/huellandina.com\/de\/wp-json\/wp\/v2\/product"}],"about":[{"href":"https:\/\/huellandina.com\/de\/wp-json\/wp\/v2\/types\/product"}],"wp:featuredmedia":[{"embeddable":true,"href":"https:\/\/huellandina.com\/de\/wp-json\/wp\/v2\/media\/16826"}],"wp:attachment":[{"href":"https:\/\/huellandina.com\/de\/wp-json\/wp\/v2\/media?parent=17957"}],"wp:term":[{"taxonomy":"actividad","embeddable":true,"href":"https:\/\/huellandina.com\/de\/wp-json\/wp\/v2\/actividad?post=17957"},{"taxonomy":"zonas_de_chile","embeddable":true,"href":"https:\/\/huellandina.com\/de\/wp-json\/wp\/v2\/zonas_de_chile?post=17957"},{"taxonomy":"temporada","embeddable":true,"href":"https:\/\/huellandina.com\/de\/wp-json\/wp\/v2\/temporada?post=17957"},{"taxonomy":"locacion","embeddable":true,"href":"https:\/\/huellandina.com\/de\/wp-json\/wp\/v2\/locacion?post=17957"},{"taxonomy":"product_brand","embeddable":true,"href":"https:\/\/huellandina.com\/de\/wp-json\/wp\/v2\/product_brand?post=17957"},{"taxonomy":"product_cat","embeddable":true,"href":"https:\/\/huellandina.com\/de\/wp-json\/wp\/v2\/product_cat?post=17957"},{"taxonomy":"product_tag","embeddable":true,"href":"https:\/\/huellandina.com\/de\/wp-json\/wp\/v2\/product_tag?post=17957"}],"curies":[{"name":"wp","href":"https:\/\/api.w.org\/{rel}","templated":true}]}}