{"id":17958,"date":"2023-07-16T09:42:20","date_gmt":"2023-07-16T13:42:20","guid":{"rendered":"https:\/\/v2.huellandina.com\/servicios\/unkategorisiert\/expedition-nach-nevado-ojos-del-salado\/"},"modified":"2026-01-06T10:19:13","modified_gmt":"2026-01-06T13:19:13","slug":"nevado-ojos-del-salado","status":"publish","type":"product","link":"https:\/\/huellandina.com\/de\/touren\/tour-de-volcanes-y-expediciones\/nevado-ojos-del-salado\/","title":{"rendered":"Expedition nach Nevado Ojos del Salado"},"content":{"rendered":"<p>Eine Expedition konzentrierte sich auf die Berge von La Puna de Atacama, einer Andenhochebene zwischen Chile und Argentinien, die eine gro\u00dfe Anzahl von Bergen von mehr als sechstausend Metern H\u00f6he, Salinen und die typische Fauna der Region wie Vicu\u00f1as, Guanakos, Flamingos, Andenf\u00fcchse und Kondore beherbergt.<\/p>\n<p>Wir treffen uns am Tag vor dem festgelegten Datum in der Stadt Copiap\u00f3 (390 m \u00fc. d. M.), um die letzten Details der Expedition zu sehen und die letzten Eink\u00e4ufe von Lebensmitteln und Treibstoff zu t\u00e4tigen, bevor wir die Reise in die Atacama-W\u00fcste beginnen und direkt zur Laguna Santa Rosa - auf 3.700 m \u00fc. d. M. - fahren, daher ist es wichtig, bereits mit einem Eingew\u00f6hnungsprozess zu kommen.<\/p>\n<p>Die Laguna Santa Rosa ist ein Salzsee im Hochgebirge der Atacama-W\u00fcste im Norden Chiles, wo sich eine Schutzh\u00fctte und einige Einrichtungen befinden, die es uns erm\u00f6glichen, die ersten beiden Tage unserer Reise mit Panoramablick auf den Nevado Tres Cruces und einem guten Akklimatisierungspfad zum Cerro Siete Hermanas zu genie\u00dfen.<\/p>\n<p>Unsere Reise geht weiter in \u00f6stlicher Richtung bis in die N\u00e4he der Grenze zu Argentinien, genie\u00dfen Sie die hei\u00dfen Quellen der Laguna Verde (4.310 m \u00fc. d. M.) und setzen Sie unseren Akklimatisierungsprozess im Nevado San Francisco (6.016 m \u00fc. d. M.) fort. Hier haben wir eine weitere Campingm\u00f6glichkeit am Murray Refuge (4.522), dem Ausgangspunkt der Stra\u00dfe zum Basislager von Ojos del Salado.<\/p>\n<p>Wir haben uns drei Tage Zeit genommen, um unseren Gipfelversuch am Vulkan Ojos del Salado zu organisieren. Der endg\u00fcltige Plan wird gemeinsam definiert, indem bewertet wird, wie der Akklimatisierungsprozess verlaufen ist, wie sich jeder einzelne f\u00fchlt und wie die Bedingungen der Strecke sowohl f\u00fcr 4x4-Fahrzeuge als auch im oberen Teil des Berges sind. Eine Alternative besteht darin, den Gipfelversuch von der Laguna Verde (4.310 m \u00fc.d.M.) oder dem Campamento Atacama (5.200 m \u00fc.d.M.) zur Tejos-H\u00fctte (5.800 m \u00fc.d.M.) zu starten und von dort aus zu wandern. Aber je nach den Bedingungen, so entscheiden wir, ist es m\u00f6glich, den Aufstieg von der Atacama aus bereits am Vortag zu beginnen.<\/p>\n<p>An unserem neunten Tag fahren wir am Morgen zur\u00fcck nach Copiap\u00f3 bzw. Bah\u00eda Inglesa\/Caldera und beenden damit unsere Reise zum h\u00f6chsten Berg Chiles und dem h\u00f6chsten aktiven Vulkan der Welt.<\/p>\n<p>&nbsp;<\/p>\n","protected":false},"excerpt":{"rendered":"<p>Erkunden Sie das Land des h\u00f6chsten Vulkans der Welt auf unserer Ojos del Salado Expedition!<\/p>\n<p>Dieses Abenteuer nimmt Sie mit auf eine aufregende Reise, um den Gipfel zu erklimmen und Sie mit seiner einzigartigen Landschaft zu \u00fcberraschen. Belohnt werden Sie mit einem atemberaubenden Blick auf die chilenischen Anden und das \u00d6kosystem der Atacama-W\u00fcste.<\/p>\n","protected":false},"featured_media":17752,"template":"","meta":{"_acf_changed":false},"actividad":[103,134,136,133,114,105,125,106],"zonas_de_chile":[144,143],"temporada":[142],"locacion":[141,140],"product_brand":[],"product_cat":[21,74],"product_tag":[],"class_list":{"0":"post-17958","1":"product","2":"type-product","3":"status-publish","4":"has-post-thumbnail","6":"zonas_de_chile-atacama-region-de","7":"zonas_de_chile-norden","8":"temporada-dezember-bis-april","9":"locacion-puna-de-atacama-de","10":"locacion-region-de-atacama-de","11":"product_cat-tour-de-volcanes-y-expediciones","12":"product_cat-vulkan-touren-und-expeditionen","14":"first","15":"instock","16":"shipping-taxable","17":"purchasable","18":"product-type-simple"},"acf":[],"_links":{"self":[{"href":"https:\/\/huellandina.com\/de\/wp-json\/wp\/v2\/product\/17958","targetHints":{"allow":["GET"]}}],"collection":[{"href":"https:\/\/huellandina.com\/de\/wp-json\/wp\/v2\/product"}],"about":[{"href":"https:\/\/huellandina.com\/de\/wp-json\/wp\/v2\/types\/product"}],"wp:featuredmedia":[{"embeddable":true,"href":"https:\/\/huellandina.com\/de\/wp-json\/wp\/v2\/media\/17752"}],"wp:attachment":[{"href":"https:\/\/huellandina.com\/de\/wp-json\/wp\/v2\/media?parent=17958"}],"wp:term":[{"taxonomy":"actividad","embeddable":true,"href":"https:\/\/huellandina.com\/de\/wp-json\/wp\/v2\/actividad?post=17958"},{"taxonomy":"zonas_de_chile","embeddable":true,"href":"https:\/\/huellandina.com\/de\/wp-json\/wp\/v2\/zonas_de_chile?post=17958"},{"taxonomy":"temporada","embeddable":true,"href":"https:\/\/huellandina.com\/de\/wp-json\/wp\/v2\/temporada?post=17958"},{"taxonomy":"locacion","embeddable":true,"href":"https:\/\/huellandina.com\/de\/wp-json\/wp\/v2\/locacion?post=17958"},{"taxonomy":"product_brand","embeddable":true,"href":"https:\/\/huellandina.com\/de\/wp-json\/wp\/v2\/product_brand?post=17958"},{"taxonomy":"product_cat","embeddable":true,"href":"https:\/\/huellandina.com\/de\/wp-json\/wp\/v2\/product_cat?post=17958"},{"taxonomy":"product_tag","embeddable":true,"href":"https:\/\/huellandina.com\/de\/wp-json\/wp\/v2\/product_tag?post=17958"}],"curies":[{"name":"wp","href":"https:\/\/api.w.org\/{rel}","templated":true}]}}