{"id":17959,"date":"2023-07-16T06:03:22","date_gmt":"2023-07-16T10:03:22","guid":{"rendered":"https:\/\/v2.huellandina.com\/servicios\/unkategorisiert\/trekking-von-antillanca-zum-rupanco-see\/"},"modified":"2024-04-28T14:14:53","modified_gmt":"2024-04-28T18:14:53","slug":"antillanca-zum-rupanco-see","status":"publish","type":"product","link":"https:\/\/huellandina.com\/de\/touren\/trekking-und-exkursionen\/antillanca-zum-rupanco-see\/","title":{"rendered":"Trekking von Antillanca zum Rupanco-See"},"content":{"rendered":"<h3><b>Das Ostufer des Rupanco-Sees ist einer dieser Orte, an denen die moderne Infrastruktur \u2013 zu unserem Gl\u00fcck \u2013 langsam angekommen ist. Die hei\u00dfen Quellen liegen direkt am Ufer des Sees, aber auf der gegen\u00fcberliegenden Seite des Sees, von wo aus man sie mit dem Auto erreichen kann.<\/b><\/h3>\n<p>Das wird unser Ziel sein und wir machen uns zun\u00e4chst auf den Weg zum Puyehue-Nationalpark. Obwohl sie Anfang des 20. Jahrhunderts von Siedlern entdeckt und 1940 ein gro\u00dfes Hotel gebaut wurde (das am 22. Mai 1960 zerst\u00f6rt wurde), stehen sie normalerweise nicht auf dem Reiseplan vieler Besucher. Wir machten uns zu Fu\u00df und dann mit dem Boot auf den Weg zu ihnen. Wir beginnen auf der anderen Seite des Berges, am Fu\u00dfe des Vulkans Casa Blanca, in Antillanca, dem Herzen des Puyehue Nationalparks. Auf einem Pfad, der im oberen Teil des Waldes (1.219 m) beginnt, steigen wir zum Rupanco-See (124 m) hinunter und beobachten, wie sich die Vegetation an die verschiedenen H\u00f6henlagen anpasst.<\/p>\n<p>Vom Zentrum von Antillanca aus beginnen wir unsere Wanderung zum Krater \"Raihuen\" und folgen dann den H\u00e4ngen des Vulkans Casa Blanca und beginnen den Abstieg zum Rupanco-See. Wir wandern +-12 Kilometer in ca. 5 Stunden auf einem Pfad, der in den Wald \u00fcbergeht, manchmal sehr dichte B\u00fcsche (die \"Quila\") durchquert und nach oder w\u00e4hrend des Regens kann es schlammig sein. Wir beenden die Wanderung an der M\u00fcndung des Flusses \"Gaviotas\", von wo aus uns ein kleines Boot zu den hei\u00dfen Quellen und unserem wohlverdienten Picknick \u00fcbersetzen wird. Nachdem wir unsere Muskeln entspannt haben, \u00fcberqueren wir den See, um unseren Transport zu finden und uns auf den Weg zur\u00fcck in die Stadt zu machen.<\/p>\n","protected":false},"excerpt":{"rendered":"<p>Ein Trekking von mehreren Kilometern \u2013 das uns jedoch haupts\u00e4chlich bergab f\u00fchrt \u2013 erm\u00f6glicht es uns, die Aussicht von den Ausl\u00e4ufern des Vulkans Casa Blanca auf den Rupanco-See zu genie\u00dfen. Der Vulkan Puntiagudo wird unseren Blick lenken und uns in Richtung unseres Ziels folgen. Das Gebiet Las Gaviotas und die Thermalb\u00e4der des Rupanco-Sees. Eine Route, die Teil des Chile-Trails im Puyehue-Nationalpark ist. Wenig besuchte W\u00e4lder, die unsere Vulkane mit ihren Seen verbinden und die Heimat von Familien sind, die vom Land und vom Tourismus leben.<\/p>\n","protected":false},"featured_media":17641,"template":"","meta":{"_acf_changed":false},"actividad":[125],"zonas_de_chile":[131,130],"temporada":[129],"locacion":[137,147,138],"product_brand":[],"product_cat":[76],"product_tag":[],"class_list":{"0":"post-17959","1":"product","2":"type-product","3":"status-publish","4":"has-post-thumbnail","6":"zonas_de_chile-region-los-lagos","7":"zonas_de_chile-suden","8":"temporada-november-bis-april","9":"locacion-antillanca-de","10":"locacion-las-gaviotas-de","11":"locacion-puyehue-nationalpark","12":"product_cat-trekking-und-exkursionen","14":"first","15":"instock","16":"shipping-taxable","17":"purchasable","18":"product-type-simple"},"acf":[],"_links":{"self":[{"href":"https:\/\/huellandina.com\/de\/wp-json\/wp\/v2\/product\/17959","targetHints":{"allow":["GET"]}}],"collection":[{"href":"https:\/\/huellandina.com\/de\/wp-json\/wp\/v2\/product"}],"about":[{"href":"https:\/\/huellandina.com\/de\/wp-json\/wp\/v2\/types\/product"}],"wp:featuredmedia":[{"embeddable":true,"href":"https:\/\/huellandina.com\/de\/wp-json\/wp\/v2\/media\/17641"}],"wp:attachment":[{"href":"https:\/\/huellandina.com\/de\/wp-json\/wp\/v2\/media?parent=17959"}],"wp:term":[{"taxonomy":"actividad","embeddable":true,"href":"https:\/\/huellandina.com\/de\/wp-json\/wp\/v2\/actividad?post=17959"},{"taxonomy":"zonas_de_chile","embeddable":true,"href":"https:\/\/huellandina.com\/de\/wp-json\/wp\/v2\/zonas_de_chile?post=17959"},{"taxonomy":"temporada","embeddable":true,"href":"https:\/\/huellandina.com\/de\/wp-json\/wp\/v2\/temporada?post=17959"},{"taxonomy":"locacion","embeddable":true,"href":"https:\/\/huellandina.com\/de\/wp-json\/wp\/v2\/locacion?post=17959"},{"taxonomy":"product_brand","embeddable":true,"href":"https:\/\/huellandina.com\/de\/wp-json\/wp\/v2\/product_brand?post=17959"},{"taxonomy":"product_cat","embeddable":true,"href":"https:\/\/huellandina.com\/de\/wp-json\/wp\/v2\/product_cat?post=17959"},{"taxonomy":"product_tag","embeddable":true,"href":"https:\/\/huellandina.com\/de\/wp-json\/wp\/v2\/product_tag?post=17959"}],"curies":[{"name":"wp","href":"https:\/\/api.w.org\/{rel}","templated":true}]}}