{"id":17965,"date":"2023-07-16T07:10:23","date_gmt":"2023-07-16T11:10:23","guid":{"rendered":"https:\/\/v2.huellandina.com\/servicios\/unkategorisiert\/wanderung-zum-gletscher-des-vulkans-osorno\/"},"modified":"2026-02-08T07:49:05","modified_gmt":"2026-02-08T10:49:05","slug":"wanderung-zum-gletscher-des-vulkans-osorno","status":"publish","type":"product","link":"https:\/\/huellandina.com\/de\/touren\/trekking-und-exkursionen\/wanderung-zum-gletscher-des-vulkans-osorno\/","title":{"rendered":"Wanderung zum Gletscher des Vulkans Osorno"},"content":{"rendered":"<h3><b>Die klassische Silhouette des Vulkans f\u00e4rbt sich von seinen F\u00fc\u00dfen \u2013 im Llanquihue-See \u2013 bis zu seinem Gletscher durch das Gr\u00fcn des valdivianischen Dschungels, wo \u2013 je nach Jahreszeit \u2013 die dunkle Farbe der Felsen durch den Winterschnee von seinem schneebedeckten Gipfel gebleicht wird.<\/b><\/h3>\n<p>Der Vulkan Osorno befindet sich im Nationalpark Vicente P\u00e9rez Rosales und ist ein idealer Ort, um die Seenregion von oben zu genie\u00dfen. Leicht nach Westen von der Andenkette verschoben, teilt er das Wasser der Seen Todos Los Santos und Llanquihue, begrenzt den Lauf des t\u00fcrkisfarbenen Wasserflusses und war f\u00fcr die Entstehung der Petrohue-Wasserf\u00e4lle verantwortlich. <\/p>\n<p>Die Wanderung zum Gletscher beginnt eine Stunde vor Sonnenaufgang (wenn die Wettervorhersage gut ist), um das erste Licht des Tages auf dem Berg zu empfangen. Ein Spektakel aus orangenen Farben und projizierten Silhouetten oder fl\u00fcchtigen Wolken und patagonischen Winden, die uns auftanken und uns auf 2.000m hoch zum Gletscher treiben und wenn die Bedingungen stimmen, \u00fcber ihn wandern lassen. <\/p>\n<p>Wenn die Wettervorhersage hingegen Schnee oder Regen ank\u00fcndigt, \u00e4ndert sich das Ziel des Trekkings von der Aussicht auf den Llanquihue-See und die Majest\u00e4t des Vulkans hin zu einer Bergwanderung unter widrigen Bedingungen. Den Wind zu sp\u00fcren und an die eigenen Grenzen zu gehen, in dem Wissen, dass wir ein paar Pl\u00e4tze haben werden, an denen wir uns sch\u00fctzen und ausruhen k\u00f6nnen, und eine gem\u00fctliche Unterkunft, in der wir zur\u00fcckkehren, unsere Kleidung wechseln und ein hei\u00dfes Getr\u00e4nk genie\u00dfen k\u00f6nnen. Wir wollen den Weg mehr genie\u00dfen als das Ziel, das wir erreichen wollen.  <\/p>\n","protected":false},"excerpt":{"rendered":"<p>Eine Bergwanderung, die uns beeindruckende Ausblicke auf den Vulkan Osorno und das Seebecken von Llanquihue bietet. Eine ideale Aktivit\u00e4t, um die Farben des Sonnenaufgangs zu genie\u00dfen oder eine Wanderung im Sturm zu erleben. An einem klaren Tag werden wir sehen, wie die ersten Sonnenstrahlen \u00fcber Argentinien aufgehen und den Schatten des Vulkans auf den Pazifik werfen! Wenn die Wolken mit uns sind, werden wir den patagonischen Wind sp\u00fcren und die Wolken werden schnell durch uns hindurchziehen.<\/p>\n<p>Unser Ziel ist es, den Gletscher zu erreichen und idealerweise ein St\u00fcck auf ihm zu gehen. Auf dem letzten St\u00fcck kann es im Winter und im Fr\u00fchling notwendig sein, Steigeisen oder Schneeschuhe zu benutzen!<\/p>\n<p>Von unserem h\u00f6chsten Punkt aus haben wir einen umfassenden Blick auf das Gebiet des Llanquihue-Sees, die Bucht von Puerto Montt und nat\u00fcrlich die Vulkane Osorno und Calbuco. F\u00fcr den R\u00fcckweg k\u00f6nnen wir denselben Weg oder eine Variante w\u00e4hlen, bei der wir direkt durch die Schneefelder absteigen.<\/p>\n","protected":false},"featured_media":17691,"template":"","meta":{"_acf_changed":false},"actividad":[125,106],"zonas_de_chile":[131,130],"temporada":[139],"locacion":[159,158,157],"product_brand":[],"product_cat":[76,18],"product_tag":[],"class_list":{"0":"post-17965","1":"product","2":"type-product","3":"status-publish","4":"has-post-thumbnail","6":"zonas_de_chile-region-los-lagos","7":"zonas_de_chile-suden","8":"temporada-ganzjahrig","9":"locacion-ensenada-de","10":"locacion-nationalpark-vicente-perez-rosales","11":"locacion-puerto-varas-de","12":"product_cat-trekking-und-exkursionen","13":"product_cat-trekking-y-excursiones","15":"first","16":"instock","17":"shipping-taxable","18":"purchasable","19":"product-type-simple"},"acf":[],"_links":{"self":[{"href":"https:\/\/huellandina.com\/de\/wp-json\/wp\/v2\/product\/17965","targetHints":{"allow":["GET"]}}],"collection":[{"href":"https:\/\/huellandina.com\/de\/wp-json\/wp\/v2\/product"}],"about":[{"href":"https:\/\/huellandina.com\/de\/wp-json\/wp\/v2\/types\/product"}],"wp:featuredmedia":[{"embeddable":true,"href":"https:\/\/huellandina.com\/de\/wp-json\/wp\/v2\/media\/17691"}],"wp:attachment":[{"href":"https:\/\/huellandina.com\/de\/wp-json\/wp\/v2\/media?parent=17965"}],"wp:term":[{"taxonomy":"actividad","embeddable":true,"href":"https:\/\/huellandina.com\/de\/wp-json\/wp\/v2\/actividad?post=17965"},{"taxonomy":"zonas_de_chile","embeddable":true,"href":"https:\/\/huellandina.com\/de\/wp-json\/wp\/v2\/zonas_de_chile?post=17965"},{"taxonomy":"temporada","embeddable":true,"href":"https:\/\/huellandina.com\/de\/wp-json\/wp\/v2\/temporada?post=17965"},{"taxonomy":"locacion","embeddable":true,"href":"https:\/\/huellandina.com\/de\/wp-json\/wp\/v2\/locacion?post=17965"},{"taxonomy":"product_brand","embeddable":true,"href":"https:\/\/huellandina.com\/de\/wp-json\/wp\/v2\/product_brand?post=17965"},{"taxonomy":"product_cat","embeddable":true,"href":"https:\/\/huellandina.com\/de\/wp-json\/wp\/v2\/product_cat?post=17965"},{"taxonomy":"product_tag","embeddable":true,"href":"https:\/\/huellandina.com\/de\/wp-json\/wp\/v2\/product_tag?post=17965"}],"curies":[{"name":"wp","href":"https:\/\/api.w.org\/{rel}","templated":true}]}}