{"id":17967,"date":"2023-07-12T09:46:14","date_gmt":"2023-07-12T13:46:14","guid":{"rendered":"https:\/\/v2.huellandina.com\/servicios\/unkategorisiert\/besteigung-des-vulkans-puyehue\/"},"modified":"2025-07-02T03:47:57","modified_gmt":"2025-07-02T07:47:57","slug":"vulkan-puyehue","status":"publish","type":"product","link":"https:\/\/huellandina.com\/de\/touren\/montanas-y-volcanes\/vulkan-puyehue\/","title":{"rendered":"Besteigung des Vulkans Puyehue"},"content":{"rendered":"<p><b>Mit seiner stumpfen Form und einem Krater von mehr als 2 Kilometern Durchmesser auf dem Gipfel bietet der Puyehue eines der vollst\u00e4ndigsten und zug\u00e4nglichsten Vulkanerlebnisse in der Region.<\/b><\/p>\n<p>Trotz seiner N\u00e4he zum Vulkan Caulle und der Tatsache, dass er ebenfalls ein aktiver Vulkan ist, hat der Puyehue keine historischen Ausbr\u00fcche zu verzeichnen, aber er ist recht aktiv. An seinen H\u00e4ngen kann man h\u00e4ufig Dampfschlote, Geysire, verschiedenfarbige Lavastr\u00f6me und\/oder Spuren des j\u00fcngsten Ausbruchs - im Jahr 2011 - des benachbarten Cord\u00f3n del Caulle beobachten. <\/p>\n<p>Der Aufstieg von der S\u00fcdseite aus ist nicht schwierig. Der Zugang erfolgt \u00fcber einen Pfad inmitten eines Lenga-Waldes, um dann \u00fcber ein ausgedehntes Coironal bis fast an die Grenze der Vegetation zu einer rustikalen und komfortablen Holzh\u00fctte zu gelangen. An diesem Punkt beginnt normalerweise am n\u00e4chsten Morgen der Aufstieg zum Hauptgipfel.  <\/p>\n<p>Im Sp\u00e4tsommer ist die Route oft schneefrei, aber im Winter und Fr\u00fchling verl\u00e4uft ein gro\u00dfer Teil des Aufstiegs \u00fcber verschneite H\u00e4nge.<\/p>\n<p>Von seinem Gipfel aus \u00fcberwiegt der Blick auf den Hauptkrater, den Puyehue-See, den Ranco, den Vulkan Casa Blanca und den Berg Pantojo an der Grenze zu Argentinien. Zweifelsohne eines der besten klassischen Bergsteigererlebnisse im S\u00fcden von Chile. <\/p>\n","protected":false},"excerpt":{"rendered":"<p>Ein Klassiker der s\u00fcdlichen Vulkane. Empfehlenswert sowohl f\u00fcr die ersten Erfahrungen in den Bergen als auch f\u00fcr diejenigen, die nach guten Skilinien im Winter suchen. Im Sommer ist es eine anspruchsvolle und zug\u00e4ngliche Wanderung, die man auch ohne Vorkenntnisse machen kann. Ein zweit\u00e4giges Erlebnis mit Wald, Unterschlupf, unglaublichen Aussichten auf die Anden und nat\u00fcrlich den Spuren der j\u00fcngsten Ausbr\u00fcche, seit dem von 1960 und dem von 2011.<\/p>\n","protected":false},"featured_media":17564,"template":"","meta":{"_acf_changed":false},"actividad":[134,136,135,125],"zonas_de_chile":[131,130],"temporada":[139],"locacion":[160,138,127],"product_brand":[],"product_cat":[19,70],"product_tag":[],"class_list":{"0":"post-17967","1":"product","2":"type-product","3":"status-publish","4":"has-post-thumbnail","6":"zonas_de_chile-region-los-lagos","7":"zonas_de_chile-suden","8":"temporada-ganzjahrig","9":"locacion-anticura-de","10":"locacion-puyehue-nationalpark","11":"locacion-region-de-los-lagos-de","12":"product_cat-montanas-y-volcanes","13":"product_cat-vulkan-und-bergbesteigungen","15":"first","16":"instock","17":"shipping-taxable","18":"purchasable","19":"product-type-simple"},"acf":[],"_links":{"self":[{"href":"https:\/\/huellandina.com\/de\/wp-json\/wp\/v2\/product\/17967","targetHints":{"allow":["GET"]}}],"collection":[{"href":"https:\/\/huellandina.com\/de\/wp-json\/wp\/v2\/product"}],"about":[{"href":"https:\/\/huellandina.com\/de\/wp-json\/wp\/v2\/types\/product"}],"wp:featuredmedia":[{"embeddable":true,"href":"https:\/\/huellandina.com\/de\/wp-json\/wp\/v2\/media\/17564"}],"wp:attachment":[{"href":"https:\/\/huellandina.com\/de\/wp-json\/wp\/v2\/media?parent=17967"}],"wp:term":[{"taxonomy":"actividad","embeddable":true,"href":"https:\/\/huellandina.com\/de\/wp-json\/wp\/v2\/actividad?post=17967"},{"taxonomy":"zonas_de_chile","embeddable":true,"href":"https:\/\/huellandina.com\/de\/wp-json\/wp\/v2\/zonas_de_chile?post=17967"},{"taxonomy":"temporada","embeddable":true,"href":"https:\/\/huellandina.com\/de\/wp-json\/wp\/v2\/temporada?post=17967"},{"taxonomy":"locacion","embeddable":true,"href":"https:\/\/huellandina.com\/de\/wp-json\/wp\/v2\/locacion?post=17967"},{"taxonomy":"product_brand","embeddable":true,"href":"https:\/\/huellandina.com\/de\/wp-json\/wp\/v2\/product_brand?post=17967"},{"taxonomy":"product_cat","embeddable":true,"href":"https:\/\/huellandina.com\/de\/wp-json\/wp\/v2\/product_cat?post=17967"},{"taxonomy":"product_tag","embeddable":true,"href":"https:\/\/huellandina.com\/de\/wp-json\/wp\/v2\/product_tag?post=17967"}],"curies":[{"name":"wp","href":"https:\/\/api.w.org\/{rel}","templated":true}]}}