{"id":17968,"date":"2023-07-16T08:09:49","date_gmt":"2023-07-16T12:09:49","guid":{"rendered":"https:\/\/v2.huellandina.com\/servicios\/unkategorisiert\/ueberfahrt-vom-rupanco-see-zum-todos-los-santos-see\/"},"modified":"2024-11-06T05:37:47","modified_gmt":"2024-11-06T08:37:47","slug":"ueberfahrt-vom-rupanco-see-zum-todos-los-santos-see","status":"publish","type":"product","link":"https:\/\/huellandina.com\/de\/touren\/trekking-und-exkursionen\/ueberfahrt-vom-rupanco-see-zum-todos-los-santos-see\/","title":{"rendered":"\u00dcberfahrt vom Rupanco-See zum Todos-See Los Santos"},"content":{"rendered":"<h3><b>Es gibt ein Tal, das die Seen Esmeralda und Rupanco verbindet. Hier schl\u00e4ngelt sich ein uralter Pfad durch immergr\u00fcne W\u00e4lder, uralte B\u00e4ume, nat\u00fcrliche hei\u00dfe Quellen, Wiesen mit Rindern und ein paar Siedler, die uns freudig begr\u00fc\u00dfen werden.<\/b><\/h3>\n<p> Der allgemein als \"El Callao\" bekannte Ort ist ein tiefer gelegener Landstrich, der das nordwestliche Ufer von Todos los Santos und das westliche Ufer des Rupanco-Sees auf einer L\u00e4nge von etwas mehr als 25 Kilometern verbindet. Ein gut markierter Weg mitten im Regenwald, flankiert von steilen Bergen und einer abgelegenen Bergkette. Wir beginnen unsere Wanderung bei \"Las Gaviotas\" im Norden des Tales, auf der S\u00fcdseite des Rupanco-Sees. Am ersten Tag geht es an der Lagune Los Quetros vorbei direkt zu den \"Termas de El Callao\". Die erste Nacht \u00fcbernachten wir an den hei\u00dfen Quellen des Flusses \"Sin Nombre\". In der Mitte unserer Reise werden wir uns in die H\u00f6hen aufmachen. Wir werden unsere Aufmerksamkeit auf die Absperrung von \"Los Cenizos\" richten. Eine Tageswanderung f\u00fchrt uns auf den Gipfel des \"Cenizo\", von wo aus wir einen einmaligen Blick auf das Seengebiet und den Vulkan Puntiagudo haben. Auf dem R\u00fcckweg geht es weiter zum \"Refugio Dos Condores\" der Familie Yefi, wo wir uns bei einem guten hausgemachten Essen ausruhen. Am dritten Tag entdecken wir den See Todos Los Santos und segeln zu den Vulkanen Osorno und La Picada. Das Programm beinhaltet den Transport zum Ausgangspunkt der Wanderung, die Schifffahrt auf dem Todos Los Santos See und die R\u00fcckfahrt von Petrohue nach Puerto Varas. Zus\u00e4tzlich zu den Mahlzeiten w\u00e4hrend der Tage (Abendessen, D1 und D2; Fr\u00fchst\u00fcck D2 und D3; Mittagessen D1) und der Unterkunft. Falls die Unterkunft bei der Familie Yefi nicht zur Verf\u00fcgung steht, werden wir die zwei N\u00e4chte in den hei\u00dfen Quellen von El Callao zelten!<\/p>\n","protected":false},"excerpt":{"rendered":"<div class=\"col-md-12 tour-shortdes\">\n<div class=\"woocommerce-product-details__short-description\"> Eine dreit\u00e4gige Tour durch das Herz des Vicente P\u00e9rez Rosales Parks. Ein Ort, der durch das Gleichgewicht zwischen dem Landleben und seiner Beziehung zur unber\u00fchrten Natur \u00fcberlebt. Eine Wanderung entlang eines alten Pfades, der zwei der repr\u00e4sentativsten Seen der Region verbindet. Eingebettet in die gem\u00e4\u00dfigten Regenw\u00e4lder der s\u00fcdlichen Anden werden wir einen Teil der sogenannten \"Route der Jesuiten\" zur\u00fccklegen und die Ausblicke bestaunen, die uns unser Aufstieg zum Cerro Cenizo auf den Vulkan Puntiagudo, den Monte Tronador, den Cerro Borracho und das Tal, das wir bereist haben, bietet. Dann verabschieden wir uns von diesem magischen Ort und fahren \u00fcber den Todos Los Santos See zum Hafen von Petrohue. <\/div>\n<\/div>\n<div class=\"col-md-12 tour-meta\">\n<div class=\"woo-tour-info col-md-12 \">\n<div class=\"row location-info\">\n<div class=\"col-md-8\">\n<div class=\"media\">\n<div class=\"media-body\"><\/div>\n<\/div>\n<\/div>\n<\/div>\n<\/div>\n<\/div>\n","protected":false},"featured_media":17741,"template":"","meta":{"_acf_changed":false},"actividad":[136,125],"zonas_de_chile":[131,130],"temporada":[129],"locacion":[161,158,127,146,162],"product_brand":[],"product_cat":[76],"product_tag":[],"class_list":{"0":"post-17968","1":"product","2":"type-product","3":"status-publish","4":"has-post-thumbnail","6":"zonas_de_chile-region-los-lagos","7":"zonas_de_chile-suden","8":"temporada-november-bis-april","9":"locacion-el-callao-de","10":"locacion-nationalpark-vicente-perez-rosales","11":"locacion-region-de-los-lagos-de","12":"locacion-rupanco-see","13":"locacion-todos-los-santos-see","14":"product_cat-trekking-und-exkursionen","16":"first","17":"instock","18":"shipping-taxable","19":"purchasable","20":"product-type-simple"},"acf":[],"_links":{"self":[{"href":"https:\/\/huellandina.com\/de\/wp-json\/wp\/v2\/product\/17968","targetHints":{"allow":["GET"]}}],"collection":[{"href":"https:\/\/huellandina.com\/de\/wp-json\/wp\/v2\/product"}],"about":[{"href":"https:\/\/huellandina.com\/de\/wp-json\/wp\/v2\/types\/product"}],"wp:featuredmedia":[{"embeddable":true,"href":"https:\/\/huellandina.com\/de\/wp-json\/wp\/v2\/media\/17741"}],"wp:attachment":[{"href":"https:\/\/huellandina.com\/de\/wp-json\/wp\/v2\/media?parent=17968"}],"wp:term":[{"taxonomy":"actividad","embeddable":true,"href":"https:\/\/huellandina.com\/de\/wp-json\/wp\/v2\/actividad?post=17968"},{"taxonomy":"zonas_de_chile","embeddable":true,"href":"https:\/\/huellandina.com\/de\/wp-json\/wp\/v2\/zonas_de_chile?post=17968"},{"taxonomy":"temporada","embeddable":true,"href":"https:\/\/huellandina.com\/de\/wp-json\/wp\/v2\/temporada?post=17968"},{"taxonomy":"locacion","embeddable":true,"href":"https:\/\/huellandina.com\/de\/wp-json\/wp\/v2\/locacion?post=17968"},{"taxonomy":"product_brand","embeddable":true,"href":"https:\/\/huellandina.com\/de\/wp-json\/wp\/v2\/product_brand?post=17968"},{"taxonomy":"product_cat","embeddable":true,"href":"https:\/\/huellandina.com\/de\/wp-json\/wp\/v2\/product_cat?post=17968"},{"taxonomy":"product_tag","embeddable":true,"href":"https:\/\/huellandina.com\/de\/wp-json\/wp\/v2\/product_tag?post=17968"}],"curies":[{"name":"wp","href":"https:\/\/api.w.org\/{rel}","templated":true}]}}