{"id":17969,"date":"2023-07-12T10:07:05","date_gmt":"2023-07-12T14:07:05","guid":{"rendered":"https:\/\/v2.huellandina.com\/servicios\/unkategorisiert\/traditioneller-aufstieg-zum-cerro-pantojo\/"},"modified":"2024-04-27T10:16:06","modified_gmt":"2024-04-27T14:16:06","slug":"besteigung-des-cerro-pantojo","status":"publish","type":"product","link":"https:\/\/huellandina.com\/de\/touren\/skitouren-und-klettern\/besteigung-des-cerro-pantojo\/","title":{"rendered":"Besteigung des Cerro Pantojo"},"content":{"rendered":"<p><b>Die Route durch die s\u00fcdwestliche Rinne umfasst etwas mehr als 200 Meter Kletterei in etwa f\u00fcnf Seill\u00e4ngen. Eine Kletterei mit niedrigem Schwierigkeitsgrad, aber mit einem beachtlichen Anmarsch, schlechter Felsqualit\u00e4t und schwer zu sichern!<\/b><\/p>\n<p>Von Puerto Varas m\u00fcssen wir die Interlagos-Route zum Grenz\u00fcbergang Cardenal Samor\u00e9 nehmen. Ort, an dem du die Aktivit\u00e4t anmelden und die Ausweispapiere der Teilnehmer bei der internationalen Polizei abgeben musst. Etwa 20 Kilometer weiter in Richtung Argentinien beginnt der Treck zum Basislager.<\/p>\n<p>Zu diesem Zeitpunkt sollten wir alles, was wir f\u00fcr die n\u00e4chsten Tage brauchen, in unseren Rucks\u00e4cken haben. Der Treck f\u00fchrt durch Lenga- und \u00d1irre-W\u00e4lder, eine Fluss\u00fcberquerung, Vulkanasche und Grenzsteine. Es dauert etwa sieben Kilometer und vier bis f\u00fcnf Stunden, um das Basislager in der Ebene nahe des Berges zu erreichen.<\/p>\n<p>Der Klettertag wird relativ fr\u00fch beginnen. Im ersten Teil werden wir etwa eine Stunde brauchen, um zum Fu\u00df der Route zu gelangen. Von dort aus f\u00fchrt uns ein leichter Aufstieg von etwa f\u00fcnfzig Metern in die Rinne und ein kompletter erster Blick auf die Route, mit ein oder zwei vertikalen Stufen, aber relativ steil (70-80\u00b0) hinauf zum Grat, der uns zum letzten Aufstieg zwischen Bl\u00f6cken und losem Gestein bringt. Die Route ist im Sommer mit dem UIAA-Grad V eingestuft, mit einer Kletterschwierigkeit von 5.7 in Yosemite Climbing. Im Winter wird die Strecke komplett \"alpin\". Der Weg wird komplett eingeschneit sein, sodass du ihn mit Skiern oder Schneeschuhen bew\u00e4ltigen musst. Die Route erfordert die Verwendung von Eispickeln und Steigeisen (Schwierigkeit WI3 bis Wi4).<\/p>\n<p>Dieses Programm erfordert Erfahrung und Kenntnisse im Klettern und Abseilen. Es ist nicht notwendig, ein hohes Niveau beim Klettern oder Erfahrung im traditionellen Klettern zu haben, aber es ist wichtig, die Technik des Abseilens und Sicherns zu beherrschen. Zus\u00e4tzlich zu den k\u00f6rperlichen Voraussetzungen f\u00fcr drei Tage in den Bergen!<\/p>\n","protected":false},"excerpt":{"rendered":"<p>In der malerischen Landschaft an der Grenze zwischen Chile und Argentinien, auf der Strecke zwischen Osorno und Bariloche, ist dieser versteinerte Lavaturm das ganze Jahr \u00fcber zug\u00e4nglich: ein moderater Aufstieg im Sommer und etwas anspruchsvoller im Winter, mit einem interessanten Anfahrtsweg durch W\u00e4lder aus Lenga und \u00f1irres, Vulkanasche und im Winter mit Schnee f\u00fcr Langlaufskier oder Schneeschuhe. Etwa f\u00fcnf Seill\u00e4ngen Kletterei im V-Grad (oder W3\/W4 im Winter), um die Unermesslichkeit des Gebirges und die Eleganz seiner Vulkane vom Gipfel aus zu genie\u00dfen!<\/p>\n","protected":false},"featured_media":17593,"template":"","meta":{"_acf_changed":false},"actividad":[133,132,125],"zonas_de_chile":[131,130],"temporada":[139],"locacion":[163,138,127],"product_brand":[],"product_cat":[72],"product_tag":[],"class_list":{"0":"post-17969","1":"product","2":"type-product","3":"status-publish","4":"has-post-thumbnail","6":"zonas_de_chile-region-los-lagos","7":"zonas_de_chile-suden","8":"temporada-ganzjahrig","9":"locacion-cardenal-samore-de","10":"locacion-puyehue-nationalpark","11":"locacion-region-de-los-lagos-de","12":"product_cat-skitouren-und-klettern","14":"first","15":"instock","16":"shipping-taxable","17":"purchasable","18":"product-type-simple"},"acf":[],"_links":{"self":[{"href":"https:\/\/huellandina.com\/de\/wp-json\/wp\/v2\/product\/17969","targetHints":{"allow":["GET"]}}],"collection":[{"href":"https:\/\/huellandina.com\/de\/wp-json\/wp\/v2\/product"}],"about":[{"href":"https:\/\/huellandina.com\/de\/wp-json\/wp\/v2\/types\/product"}],"wp:featuredmedia":[{"embeddable":true,"href":"https:\/\/huellandina.com\/de\/wp-json\/wp\/v2\/media\/17593"}],"wp:attachment":[{"href":"https:\/\/huellandina.com\/de\/wp-json\/wp\/v2\/media?parent=17969"}],"wp:term":[{"taxonomy":"actividad","embeddable":true,"href":"https:\/\/huellandina.com\/de\/wp-json\/wp\/v2\/actividad?post=17969"},{"taxonomy":"zonas_de_chile","embeddable":true,"href":"https:\/\/huellandina.com\/de\/wp-json\/wp\/v2\/zonas_de_chile?post=17969"},{"taxonomy":"temporada","embeddable":true,"href":"https:\/\/huellandina.com\/de\/wp-json\/wp\/v2\/temporada?post=17969"},{"taxonomy":"locacion","embeddable":true,"href":"https:\/\/huellandina.com\/de\/wp-json\/wp\/v2\/locacion?post=17969"},{"taxonomy":"product_brand","embeddable":true,"href":"https:\/\/huellandina.com\/de\/wp-json\/wp\/v2\/product_brand?post=17969"},{"taxonomy":"product_cat","embeddable":true,"href":"https:\/\/huellandina.com\/de\/wp-json\/wp\/v2\/product_cat?post=17969"},{"taxonomy":"product_tag","embeddable":true,"href":"https:\/\/huellandina.com\/de\/wp-json\/wp\/v2\/product_tag?post=17969"}],"curies":[{"name":"wp","href":"https:\/\/api.w.org\/{rel}","templated":true}]}}