{"id":17972,"date":"2023-07-12T09:36:23","date_gmt":"2023-07-12T13:36:23","guid":{"rendered":"https:\/\/v2.huellandina.com\/servicios\/unkategorisiert\/besteigung-des-vulkans-osorno\/"},"modified":"2026-02-12T06:37:00","modified_gmt":"2026-02-12T09:37:00","slug":"vulkan-osorno","status":"publish","type":"product","link":"https:\/\/huellandina.com\/de\/touren\/montanas-y-volcanes\/vulkan-osorno\/","title":{"rendered":"Besteigung des Vulkans Osorno"},"content":{"rendered":"<div id=\"tab-description\" class=\"woocommerce-Tabs-panel woocommerce-Tabs-panel--description panel entry-content wc-tab\" role=\"tabpanel\" aria-labelledby=\"tab-title-description\">\n<p><b>In lokale Wolken und Legenden geh\u00fcllt, ist \"Osorno\" eine der Ikonen im S\u00fcden Chiles. Sein Aufstieg ist ein magisches Erlebnis: eine Erfahrung, in der wir in die Natur versunken sind, indem wir \u00fcber unsere eigenen Grenzen hinausgehen.<\/b><\/p>\n<p>Im Westen der Andenkette und au\u00dfergew\u00f6hnlich mit einer privilegierten Umgebung von Feldern, W\u00e4ldern und Seen, ist es der perfekte Aussichtspunkt der Geographie von S\u00fcdchilen.<\/p>\n<p>Der Aufstieg zum 2.652 m hohen Gipfel beginnt noch vor Sonnenaufgang und f\u00fchrt uns durch eine anspruchsvolle Route mit vulkanischem Transport, vergletscherten H\u00e4ngen und Eisklettern.<\/p>\n<p>Von oben nehmen wir nicht nur eine tiefe Pause, Ansonsten genie\u00dfen wir auch den Panoramablick auf die Region der Seen: Todos los Santos See, Petrohue River, Llanquihue und Rupanco Seen, Vulkane Puntiagudo, Tronador, Calbuco, Casablanca, Puyehue und wenn es eine gute Sicht, die Vulkane Lan\u00edn und Llaima in der weit entfernten \"Regi\u00f3n de la Araucan\u00eda\".<\/p>\n<\/div>\n","protected":false},"excerpt":{"rendered":"<p>Ein Tag, der noch vor der Morgend\u00e4mmerung beginnt und uns von seinen felsigen H\u00e4ngen zu den eisigen H\u00e4ngen seines Gletschers f\u00fchrt, wo wir Kletter- und Hochgebirgstechniken anwenden m\u00fcssen, um einen der repr\u00e4sentativsten Gipfel im S\u00fcden Chiles zu genie\u00dfen.<\/p>\n<p>Ein Vom ganzen Becken des Llanquihue-Sees sichtbarer Berg, eingebettet in den Nationalpark Vicente Perez Rosales. Eines der besten Bergerlebnisse in den s\u00fcdlichen Anden, ein bequemer Aufstieg mit unglaublichen Aussichten.<\/p>\n","protected":false},"featured_media":17539,"template":"","meta":{"_acf_changed":false},"actividad":[134,136,135,125],"zonas_de_chile":[131,130],"temporada":[238],"locacion":[159,158,157,127],"product_brand":[],"product_cat":[19,70],"product_tag":[],"class_list":{"0":"post-17972","1":"product","2":"type-product","3":"status-publish","4":"has-post-thumbnail","6":"zonas_de_chile-region-los-lagos","7":"zonas_de_chile-suden","8":"temporada-juli-bis-februar","9":"locacion-ensenada-de","10":"locacion-nationalpark-vicente-perez-rosales","11":"locacion-puerto-varas-de","12":"locacion-region-de-los-lagos-de","13":"product_cat-montanas-y-volcanes","14":"product_cat-vulkan-und-bergbesteigungen","16":"first","17":"instock","18":"shipping-taxable","19":"purchasable","20":"product-type-simple"},"acf":[],"_links":{"self":[{"href":"https:\/\/huellandina.com\/de\/wp-json\/wp\/v2\/product\/17972","targetHints":{"allow":["GET"]}}],"collection":[{"href":"https:\/\/huellandina.com\/de\/wp-json\/wp\/v2\/product"}],"about":[{"href":"https:\/\/huellandina.com\/de\/wp-json\/wp\/v2\/types\/product"}],"wp:featuredmedia":[{"embeddable":true,"href":"https:\/\/huellandina.com\/de\/wp-json\/wp\/v2\/media\/17539"}],"wp:attachment":[{"href":"https:\/\/huellandina.com\/de\/wp-json\/wp\/v2\/media?parent=17972"}],"wp:term":[{"taxonomy":"actividad","embeddable":true,"href":"https:\/\/huellandina.com\/de\/wp-json\/wp\/v2\/actividad?post=17972"},{"taxonomy":"zonas_de_chile","embeddable":true,"href":"https:\/\/huellandina.com\/de\/wp-json\/wp\/v2\/zonas_de_chile?post=17972"},{"taxonomy":"temporada","embeddable":true,"href":"https:\/\/huellandina.com\/de\/wp-json\/wp\/v2\/temporada?post=17972"},{"taxonomy":"locacion","embeddable":true,"href":"https:\/\/huellandina.com\/de\/wp-json\/wp\/v2\/locacion?post=17972"},{"taxonomy":"product_brand","embeddable":true,"href":"https:\/\/huellandina.com\/de\/wp-json\/wp\/v2\/product_brand?post=17972"},{"taxonomy":"product_cat","embeddable":true,"href":"https:\/\/huellandina.com\/de\/wp-json\/wp\/v2\/product_cat?post=17972"},{"taxonomy":"product_tag","embeddable":true,"href":"https:\/\/huellandina.com\/de\/wp-json\/wp\/v2\/product_tag?post=17972"}],"curies":[{"name":"wp","href":"https:\/\/api.w.org\/{rel}","templated":true}]}}