{"id":17976,"date":"2023-07-16T06:22:51","date_gmt":"2023-07-16T10:22:51","guid":{"rendered":"https:\/\/v2.huellandina.com\/servicios\/unkategorisiert\/trekking-nach-la-picada\/"},"modified":"2025-07-02T03:49:32","modified_gmt":"2025-07-02T07:49:32","slug":"la-picada","status":"publish","type":"product","link":"https:\/\/huellandina.com\/de\/touren\/trekking-und-exkursionen\/la-picada\/","title":{"rendered":"Trekking nach La Picada"},"content":{"rendered":"<h3><b>Der n\u00e4chste Nachbar des \"Osorno\" sind die \u00dcberreste eines alten Vulkans. Ein Sedimentgebirge mit steilen Schluchten, das von den Mapuche der Region \"Caulle\" genannt wird, liegt am nordwestlichen Ende des Todos los Santos Sees, im Herzen des Vicente P\u00e9rez Rosales Nationalparks.<\/b><\/h3>\n<p>Die Route f\u00fchrt dich in den \u00e4ltesten Nationalpark Chiles. Durch die patagonische Landschaft bietet die Wanderung wunderbare Ausblicke auf die Nordost- und Ostwand des Vulkans Osorno und die Westwand des Berges La Picada. Au\u00dferdem \u00fcberqueren wir den ber\u00fchmten Desolaci\u00f3n-Pass und haben eine unglaubliche Aussicht auf die Seen Todos los Santos, Rupanco und Llanquihue.<\/p>\n<p>Die Strecke ist ein Halbkreis, der uns rund 14 Kilometer und etwa 800 H\u00f6henmeter (und 710 H\u00f6henmeter bergab) bringen wird. Die besten Monate, um diese Strecke zu genie\u00dfen, sind zweifellos zwischen November und April, wenn es mehr Sonnentage und weniger Schnee auf der Strecke gibt, aber im Winter macht der Schnee die Strecke zu einem echten Abenteuer!<\/p>\n","protected":false},"excerpt":{"rendered":"<p>\"La Picada\", auf der Nordseite des Vulkans Osorno im Nationalpark Vicente P\u00e9rez Rosales, ist einer der historischen Sektoren der Entwicklung des Bergsports und des Outdoor-Lebens w\u00e4hrend der Zeit der deutschen Kolonisation im S\u00fcden Chiles. An seinen H\u00e4ngen begann in der ersten H\u00e4lfte des 20. Jahrhunderts der Skisport und hier wurden die ersten Bergh\u00fctten gebaut.<\/p>\n<p>Heute ist es ein Sektor, der es uns erm\u00f6glicht, auf wenig besuchten Pfaden mit patagonischem Flair zu wandern. Im Winter wird das Gel\u00e4nde schneebedeckt sein und im Sommer erm\u00f6glicht es uns, die besten Aussichten auf den Vulkan Osorno auf eine zug\u00e4ngliche Weise zu genie\u00dfen.<\/p>\n","protected":false},"featured_media":17666,"template":"","meta":{"_acf_changed":false},"actividad":[125],"zonas_de_chile":[131,130],"temporada":[139],"locacion":[158,157,127],"product_brand":[],"product_cat":[76,18],"product_tag":[],"class_list":{"0":"post-17976","1":"product","2":"type-product","3":"status-publish","4":"has-post-thumbnail","6":"zonas_de_chile-region-los-lagos","7":"zonas_de_chile-suden","8":"temporada-ganzjahrig","9":"locacion-nationalpark-vicente-perez-rosales","10":"locacion-puerto-varas-de","11":"locacion-region-de-los-lagos-de","12":"product_cat-trekking-und-exkursionen","13":"product_cat-trekking-y-excursiones","15":"first","16":"instock","17":"shipping-taxable","18":"purchasable","19":"product-type-simple"},"acf":[],"_links":{"self":[{"href":"https:\/\/huellandina.com\/de\/wp-json\/wp\/v2\/product\/17976","targetHints":{"allow":["GET"]}}],"collection":[{"href":"https:\/\/huellandina.com\/de\/wp-json\/wp\/v2\/product"}],"about":[{"href":"https:\/\/huellandina.com\/de\/wp-json\/wp\/v2\/types\/product"}],"wp:featuredmedia":[{"embeddable":true,"href":"https:\/\/huellandina.com\/de\/wp-json\/wp\/v2\/media\/17666"}],"wp:attachment":[{"href":"https:\/\/huellandina.com\/de\/wp-json\/wp\/v2\/media?parent=17976"}],"wp:term":[{"taxonomy":"actividad","embeddable":true,"href":"https:\/\/huellandina.com\/de\/wp-json\/wp\/v2\/actividad?post=17976"},{"taxonomy":"zonas_de_chile","embeddable":true,"href":"https:\/\/huellandina.com\/de\/wp-json\/wp\/v2\/zonas_de_chile?post=17976"},{"taxonomy":"temporada","embeddable":true,"href":"https:\/\/huellandina.com\/de\/wp-json\/wp\/v2\/temporada?post=17976"},{"taxonomy":"locacion","embeddable":true,"href":"https:\/\/huellandina.com\/de\/wp-json\/wp\/v2\/locacion?post=17976"},{"taxonomy":"product_brand","embeddable":true,"href":"https:\/\/huellandina.com\/de\/wp-json\/wp\/v2\/product_brand?post=17976"},{"taxonomy":"product_cat","embeddable":true,"href":"https:\/\/huellandina.com\/de\/wp-json\/wp\/v2\/product_cat?post=17976"},{"taxonomy":"product_tag","embeddable":true,"href":"https:\/\/huellandina.com\/de\/wp-json\/wp\/v2\/product_tag?post=17976"}],"curies":[{"name":"wp","href":"https:\/\/api.w.org\/{rel}","templated":true}]}}