{"id":22944,"date":"2024-08-25T03:07:28","date_gmt":"2024-08-25T07:07:28","guid":{"rendered":"https:\/\/staging.huellandina.com\/?post_type=product&#038;p=22944"},"modified":"2024-09-08T14:08:07","modified_gmt":"2024-09-08T17:08:07","slug":"akklimatisierung-in-den-anden","status":"publish","type":"product","link":"https:\/\/huellandina.com\/de\/touren\/vulkan-touren-und-expeditionen\/akklimatisierung-in-den-anden\/","title":{"rendered":"Akklimatisierungsexpedition in den chilenischen Anden"},"content":{"rendered":"<p>Das Programm wurde mit dem Ziel entwickelt, einen korrekten Akklimatisierungsprozess einzuleiten und zu entwickeln, um uns auf Bergexpeditionen von mehr als sechstausend Metern vorzubereiten, aber auch um zu sehen, wie unser K\u00f6rper auf die H\u00f6he reagiert, und um diese emblematischen Berge zu genie\u00dfen, wobei wir versuchen, den \"Akklimatisierungsprozess\" mit der Entdeckung und dem Genuss der Zentralanden zu verbinden.<br \/>\nEin sechst\u00e4giges Programm, bei dem wir in einer kontrollierten Umgebung schrittweise Aufstiege in der H\u00f6he machen und dabei Wander-, Bergsteiger- und Akklimatisierungstechniken unter der Aufsicht von Bergf\u00fchrern kombinieren.<br \/>\nDas Programm erm\u00f6glicht es dir, dich schrittweise an die extremen Bedingungen in der H\u00f6he anzupassen, deine Ausdauer zu verbessern und deine Erfolgschancen auf h\u00f6heren Gipfeln zu erh\u00f6hen.<br \/>\nEs ist ideal f\u00fcr alle, die ihre Leistung und Sicherheit auf Hochgebirgsexpeditionen maximieren wollen.<br \/>\nDer ausgew\u00e4hlte Ort f\u00fcr dieses Programm ist der \"Cerro El Plomo\": ein imposanter Berg in den Anden, der nur wenige Stunden von Santiago entfernt liegt.<br \/>\nMit einer H\u00f6he von 5.424 Metern ist er der h\u00f6chste Gipfel, der von der chilenischen Hauptstadt aus zu sehen ist, und ein beliebtes Ziel f\u00fcr einheimische Bergsteiger.<br \/>\nEl Plomo\" ist f\u00fcr seine Sch\u00f6nheit und kulturelle Bedeutung bekannt und beherbergt auf seinem Gipfel eine arch\u00e4ologische St\u00e4tte der Inka, wo 1954 die Mumie eines Kindes entdeckt und in der \"Capacocha\"-Zeremonie dargebracht wurde.<br \/>\nSeine Besteigung bietet eine spektakul\u00e4re Landschaft und ein einzigartiges Hochgebirgserlebnis, das Abenteuer und Geschichte verbindet.<br \/>\nDer Zugang durch das Tal des Cepo-Flusses erm\u00f6glicht einen allm\u00e4hlichen Aufstieg mit guten Lagerpl\u00e4tzen und der M\u00f6glichkeit, unsere Lasten mit Hilfe der \u00f6rtlichen Arieros und ihrer Maultiere oder Pilchero-Pferde zu transportieren.<br \/>\nAu\u00dferdem k\u00f6nnen wir vom Lager \"Piedra Numerada\" oder \"Federaci\u00f3n\" zu den wichtigsten umliegenden Gipfeln wie \"Cerro Bismark\" oder \"El Cepo\" oder zu einigen Gipfeln der H\u00e4nge von \"Cancha Carreras\" aufsteigen und so eine Vielzahl von erg\u00e4nzenden Routen w\u00e4hlen.<br \/>\nVom Basislager El Plomo aus haben wir verschiedene Alternativen, um weiter an H\u00f6he zu gewinnen und unserem K\u00f6rper die M\u00f6glichkeit zu geben, sich physiologisch anzupassen.<br \/>\nEine unserer Lieblingsoptionen ist der Aufstieg zur Punta Santiago, von wo aus wir eine der besten Aussichten auf den H\u00e4ngegletscher und die normale Aufstiegsroute haben.<br \/>\nDie normalen Aufstiegsrouten zur Punta Santiago und zum Plomo stellen keine gro\u00dfen technischen Schwierigkeiten dar: Beide erfordern die \u00dcberquerung von Schneefeldern und Gletschern ohne gro\u00dfe Exposition; sie verlaufen durch ein Gel\u00e4nde mit viel Gel\u00e4nde und Sektoren, in denen es manchmal keinen Weg gibt, zus\u00e4tzlich zur H\u00f6he, so dass sie zwar keine gro\u00dfen technischen Kenntnisse erfordern, aber eine sehr gute k\u00f6rperliche Verfassung und Erfahrung in langen Tagen in den Bergen oder beim Trekking.              &nbsp;<\/p>\n","protected":false},"excerpt":{"rendered":"<p>Eine Expedition in den atemberaubenden chilenischen Anden, um den Prozess der H\u00f6henanpassung in unserem K\u00f6rper einzuleiten.<br \/>\nBergsteiger- und Trekkingorte in Santiago de Chile wie Farrellones und seine Binnent\u00e4ler erm\u00f6glichen es uns, die h\u00f6chsten Berge zu erkunden, die vom Maipo-Tal aus zu sehen sind.<br \/>\nDie sechst\u00e4gige Besteigung des Cerro El plomo ist eine perfekte Route, um sich vor Expeditionen zum Ojos del Salado oder Aconcagua zu akklimatisieren.  <\/p>\n","protected":false},"featured_media":22955,"template":"","meta":{"_acf_changed":false},"actividad":[136,133,125],"zonas_de_chile":[188],"temporada":[139],"locacion":[235,233,234],"product_brand":[],"product_cat":[74],"product_tag":[],"class_list":{"0":"post-22944","1":"product","2":"type-product","3":"status-publish","4":"has-post-thumbnail","6":"zonas_de_chile-centro-de","7":"temporada-ganzjahrig","8":"locacion-farellones-de","9":"locacion-metropolregion","10":"locacion-santiago-de","11":"product_cat-vulkan-touren-und-expeditionen","13":"first","14":"instock","15":"shipping-taxable","16":"purchasable","17":"product-type-simple"},"acf":[],"_links":{"self":[{"href":"https:\/\/huellandina.com\/de\/wp-json\/wp\/v2\/product\/22944","targetHints":{"allow":["GET"]}}],"collection":[{"href":"https:\/\/huellandina.com\/de\/wp-json\/wp\/v2\/product"}],"about":[{"href":"https:\/\/huellandina.com\/de\/wp-json\/wp\/v2\/types\/product"}],"wp:featuredmedia":[{"embeddable":true,"href":"https:\/\/huellandina.com\/de\/wp-json\/wp\/v2\/media\/22955"}],"wp:attachment":[{"href":"https:\/\/huellandina.com\/de\/wp-json\/wp\/v2\/media?parent=22944"}],"wp:term":[{"taxonomy":"actividad","embeddable":true,"href":"https:\/\/huellandina.com\/de\/wp-json\/wp\/v2\/actividad?post=22944"},{"taxonomy":"zonas_de_chile","embeddable":true,"href":"https:\/\/huellandina.com\/de\/wp-json\/wp\/v2\/zonas_de_chile?post=22944"},{"taxonomy":"temporada","embeddable":true,"href":"https:\/\/huellandina.com\/de\/wp-json\/wp\/v2\/temporada?post=22944"},{"taxonomy":"locacion","embeddable":true,"href":"https:\/\/huellandina.com\/de\/wp-json\/wp\/v2\/locacion?post=22944"},{"taxonomy":"product_brand","embeddable":true,"href":"https:\/\/huellandina.com\/de\/wp-json\/wp\/v2\/product_brand?post=22944"},{"taxonomy":"product_cat","embeddable":true,"href":"https:\/\/huellandina.com\/de\/wp-json\/wp\/v2\/product_cat?post=22944"},{"taxonomy":"product_tag","embeddable":true,"href":"https:\/\/huellandina.com\/de\/wp-json\/wp\/v2\/product_tag?post=22944"}],"curies":[{"name":"wp","href":"https:\/\/api.w.org\/{rel}","templated":true}]}}