{"id":23332,"date":"2025-04-04T11:46:54","date_gmt":"2025-04-04T14:46:54","guid":{"rendered":"https:\/\/huellandina.com\/?post_type=product&#038;p=23332"},"modified":"2025-07-02T03:45:41","modified_gmt":"2025-07-02T07:45:41","slug":"trekking-zur-calbuco-vulkanhuette","status":"publish","type":"product","link":"https:\/\/huellandina.com\/de\/touren\/trekking-und-exkursionen\/trekking-zur-calbuco-vulkanhuette\/","title":{"rendered":"Trekking zur Calbuco Vulkanh\u00fctte"},"content":{"rendered":"<p class=\"\" data-start=\"743\" data-end=\"1135\">In den Ausl\u00e4ufern des Calbuco-Vulkans, im Llanquihue-Nationalreservat und nur anderthalb Autostunden von Puerto Varas entfernt, beginnt eine Wanderung, die uns in die s\u00fcdlichen W\u00e4lder f\u00fchrt und uns mit der lebendigen Kraft des Berges verbindet. Unser Ziel ist es, die von der Free Sport Foundation errichtete Schutzh\u00fctte zu erreichen und dabei einen Tag lang durch eine atemberaubende Natur zu wandern. <\/p>\n<p class=\"\" data-start=\"1137\" data-end=\"1565\">Der Weg folgt dem Lauf des Blanco-Flusses und f\u00fchrt \u00fcber einen Anstieg von etwa 8 Kilometern und mehr als 750 H\u00f6henmetern, der in etwa 3 Stunden zur\u00fcckgelegt wird, haupts\u00e4chlich auf einem gut markierten Weg. Unterwegs durchqueren wir den typisch valdivianischen Wald, der von Alerce, Coihues und Tepas dominiert wird. Mit etwas Gl\u00fcck kannst du die Tierwelt, F\u00fcchse oder V\u00f6gel wie den Chucao und den Rayadito sehen.  <\/p>\n<p class=\"\" data-start=\"1567\" data-end=\"1917\">W\u00e4hrend wir aufsteigen, beginnt die Vegetation zu weichen und die Landschaft ver\u00e4ndert sich: Vulkangestein und die noch sichtbaren \u00dcberreste des gro\u00dfen Ausbruchs von 2015 kommen zum Vorschein. Die Schutzh\u00fctte, die direkt am Waldrand liegt, bietet eine erholsame Pause mit Blick auf den Vulkan und das Tal des wei\u00dfen Flusses und an klaren Tagen kann man nach einem kurzen Aufstieg den Chapo-See sehen. <\/p>\n<p class=\"\" data-start=\"1919\" data-end=\"2252\">Obwohl dieser Weg auch der Zugangsweg zum Gipfel des Calbuco ist, geht es bei diesem Erlebnis darum, den Weg zur Schutzh\u00fctte zu genie\u00dfen. Eine anspruchsvolle, aber zug\u00e4ngliche Wanderung, ideal f\u00fcr alle, die ein tiefgreifendes Natur-, Berg- und Regenerationserlebnis in einem der aktivsten Vulkane im S\u00fcden Chiles suchen. <\/p>\n","protected":false},"excerpt":{"rendered":"<p>Eine Wanderung durch uralte Alercenb\u00e4ume, einen Bergfluss und Spuren von Eruptionen. Der Weg f\u00fchrt uns an den Rand der W\u00e4lder im S\u00fcden Chiles, wo uns eine historische Schutzh\u00fctte an den H\u00e4ngen des Calbuco mit atemberaubenden Ausblicken inmitten der Natur empf\u00e4ngt. <\/p>\n","protected":false},"featured_media":23347,"template":"","meta":{"_acf_changed":false},"actividad":[125,106],"zonas_de_chile":[131,130],"temporada":[139],"locacion":[172,171],"product_brand":[],"product_cat":[76,18],"product_tag":[],"class_list":{"0":"post-23332","1":"product","2":"type-product","3":"status-publish","4":"has-post-thumbnail","6":"zonas_de_chile-region-los-lagos","7":"zonas_de_chile-suden","8":"temporada-ganzjahrig","9":"locacion-llanquihue-nationalreservat","10":"locacion-puerto-montt-de","11":"product_cat-trekking-und-exkursionen","12":"product_cat-trekking-y-excursiones","14":"first","15":"instock","16":"shipping-taxable","17":"purchasable","18":"product-type-simple"},"acf":[],"_links":{"self":[{"href":"https:\/\/huellandina.com\/de\/wp-json\/wp\/v2\/product\/23332","targetHints":{"allow":["GET"]}}],"collection":[{"href":"https:\/\/huellandina.com\/de\/wp-json\/wp\/v2\/product"}],"about":[{"href":"https:\/\/huellandina.com\/de\/wp-json\/wp\/v2\/types\/product"}],"wp:featuredmedia":[{"embeddable":true,"href":"https:\/\/huellandina.com\/de\/wp-json\/wp\/v2\/media\/23347"}],"wp:attachment":[{"href":"https:\/\/huellandina.com\/de\/wp-json\/wp\/v2\/media?parent=23332"}],"wp:term":[{"taxonomy":"actividad","embeddable":true,"href":"https:\/\/huellandina.com\/de\/wp-json\/wp\/v2\/actividad?post=23332"},{"taxonomy":"zonas_de_chile","embeddable":true,"href":"https:\/\/huellandina.com\/de\/wp-json\/wp\/v2\/zonas_de_chile?post=23332"},{"taxonomy":"temporada","embeddable":true,"href":"https:\/\/huellandina.com\/de\/wp-json\/wp\/v2\/temporada?post=23332"},{"taxonomy":"locacion","embeddable":true,"href":"https:\/\/huellandina.com\/de\/wp-json\/wp\/v2\/locacion?post=23332"},{"taxonomy":"product_brand","embeddable":true,"href":"https:\/\/huellandina.com\/de\/wp-json\/wp\/v2\/product_brand?post=23332"},{"taxonomy":"product_cat","embeddable":true,"href":"https:\/\/huellandina.com\/de\/wp-json\/wp\/v2\/product_cat?post=23332"},{"taxonomy":"product_tag","embeddable":true,"href":"https:\/\/huellandina.com\/de\/wp-json\/wp\/v2\/product_tag?post=23332"}],"curies":[{"name":"wp","href":"https:\/\/api.w.org\/{rel}","templated":true}]}}